{"id":3132,"date":"2024-11-26T17:09:23","date_gmt":"2024-11-26T16:09:23","guid":{"rendered":"https:\/\/www.camping-dunamunguy.com\/politica-de-privacidad\/"},"modified":"2025-01-30T10:32:35","modified_gmt":"2025-01-30T09:32:35","slug":"politica-de-privacidad","status":"publish","type":"page","link":"https:\/\/www.camping-dunamunguy.com\/es\/politica-de-privacidad\/","title":{"rendered":"Pol\u00edtica de privacidad"},"content":{"rendered":"\n<section class=\"wp-block-group alignfull home-intro page-one has-custom-couleur-3-background-color has-background has-global-padding is-layout-constrained wp-container-core-group-is-layout-09dc4287 wp-block-group-is-layout-constrained\" style=\"margin-top:0rem;margin-bottom:0rem;padding-top:12rem;padding-right:0rem;padding-bottom:12rem;padding-left:0rem\">\n<div class=\"wp-block-group alignwide wp-container-content-9cfa9a5a is-vertical is-layout-flex wp-container-core-group-is-layout-4b827052 wp-block-group-is-layout-flex\"><h1 class=\"wp-block-heading has-custom-couleur-5-color has-text-color has-link-color has-source-sans-3-font-family wp-elements-b23b61464c0f88e3e78ba30122880a2e\" style=\"border-left-color:var(--wp--preset--color--custom-couleur-2);border-left-width:1px;padding-left:var(--wp--preset--spacing--10);font-size:clamp(24.034px, 1.502rem + ((1vw - 3.2px) * 1.663), 40px);letter-spacing:4.6px\" id=\"politica-de-privacidad\">Pol\u00edtica de privacidad<\/h1>\n\n\n<div style=\"height:32px\" aria-hidden=\"true\" class=\"wp-block-spacer gt-hide-mobile wp-container-content-82ea18c2\"><\/div>\n\n\n\n<p>Esta Pol\u00edtica de privacidad describe los tipos de datos personales que se recogen cuando utilizas nuestro sitio y c\u00f3mo se utilizan, comparten y protegen tus datos personales. Tambi\u00e9n explica las opciones que tienes con respecto a tus datos personales y c\u00f3mo ponerte en contacto con nosotros. <\/p>\n\n\n\n<div style=\"height:0px\" aria-hidden=\"true\" class=\"wp-block-spacer gt-hide-mobile wp-container-content-c0740251\"><\/div>\n\n\n<h2 class=\"wp-block-heading has-custom-couleur-1-color has-text-color has-link-color wp-elements-c583796cb1fbb260ea84592b220d787c\" style=\"border-left-color:var(--wp--preset--color--custom-couleur-2);border-left-width:1px;padding-left:1rem;font-size:clamp(16.834px, 1.052rem + ((1vw - 3.2px) * 0.955), 26px);letter-spacing:5.2px;text-transform:uppercase\" id=\"indice\">\u00cdndice<\/h2>\n\n\n<ul class=\"wp-block-list\">\n<li><a href=\"https:\/\/www.camping-dunamunguy.com\/es\/politica-de-privacidad\/#gdpr-1\">Qui sommes-nous ?<\/a><\/li>\n\n\n\n<li><a href=\"https:\/\/www.camping-dunamunguy.com\/es\/politica-de-privacidad\/#gdpr-2\">Utilisation des donn\u00e9es personnelles collect\u00e9es<\/a><\/li>\n\n\n\n<li><a href=\"https:\/\/www.camping-dunamunguy.com\/es\/politica-de-privacidad\/#gdpr-3\">Commentaires<\/a><\/li>\n\n\n\n<li><a href=\"https:\/\/www.camping-dunamunguy.com\/es\/politica-de-privacidad\/#gdpr-4\">M\u00e9dias<\/a><\/li>\n\n\n\n<li><a href=\"https:\/\/www.camping-dunamunguy.com\/es\/politica-de-privacidad\/#gdpr-5\">Formulaires de contact<\/a><\/li>\n\n\n\n<li><a href=\"https:\/\/www.camping-dunamunguy.com\/es\/politica-de-privacidad\/#gdpr-6\">Utilisation des cookies<\/a><\/li>\n\n\n\n<li><a href=\"https:\/\/www.camping-dunamunguy.com\/es\/politica-de-privacidad\/#gdpr-7\">Statistiques et mesures d\u2019audience<\/a><\/li>\n\n\n\n<li><a href=\"https:\/\/www.camping-dunamunguy.com\/es\/politica-de-privacidad\/#gdpr-8\">Dur\u00e9es de stockage de vos donn\u00e9es<\/a><\/li>\n\n\n\n<li><a href=\"https:\/\/www.camping-dunamunguy.com\/es\/politica-de-privacidad\/#gdpr-9\">Les droits que vous avez sur vos donn\u00e9es<\/a><\/li>\n\n\n\n<li><a href=\"https:\/\/www.camping-dunamunguy.com\/es\/politica-de-privacidad\/#gdpr-10\">Transmission de vos donn\u00e9es personnelles<\/a><\/li>\n\n\n\n<li><a href=\"https:\/\/www.camping-dunamunguy.com\/es\/politica-de-privacidad\/#gdpr-11\">Comment nous prot\u00e9geons vos donn\u00e9es<\/a><\/li>\n\n\n\n<li><a href=\"https:\/\/www.camping-dunamunguy.com\/es\/politica-de-privacidad\/#gdpr-12\">Informations de contact<\/a><\/li>\n<\/ul>\n\n\n\n<div style=\"height:0px\" aria-hidden=\"true\" class=\"wp-block-spacer gt-hide-mobile wp-container-content-c0740251\"><\/div>\n\n\n\n<h2 class=\"wp-block-heading has-custom-couleur-1-color has-text-color has-link-color wp-elements-301b16cdc0b959531d0c0e80b4dae314\" id=\"gdpr-1\" style=\"border-left-color:var(--wp--preset--color--custom-couleur-2);border-left-width:1px;padding-left:1rem;font-size:clamp(16.834px, 1.052rem + ((1vw - 3.2px) * 0.955), 26px);letter-spacing:5.2px;text-transform:uppercase\">\u00bfQui\u00e9nes somos?<\/h2>\n\n\n\n<p>D\u00e9couvrez toutes nos informations sur la page\u00a0<a href=\"https:\/\/www.camping-dunamunguy.com\/es\/informacion-legal\/\">mentions l\u00e9gales<\/a>.<\/p>\n\n\n\n<div style=\"height:0px\" aria-hidden=\"true\" class=\"wp-block-spacer gt-hide-mobile wp-container-content-c0740251\"><\/div>\n\n\n\n<h2 class=\"wp-block-heading has-custom-couleur-1-color has-text-color has-link-color wp-elements-6975cf1ebd12529adcc4414ddddf3322\" id=\"gdpr-2\" style=\"border-left-color:var(--wp--preset--color--custom-couleur-2);border-left-width:1px;padding-left:1rem;font-size:clamp(16.834px, 1.052rem + ((1vw - 3.2px) * 0.955), 26px);letter-spacing:5.2px;text-transform:uppercase\">Uso de los datos personales recogidos<\/h2>\n\n\n\n<p>No recopilamos autom\u00e1tica y directamente ning\u00fan dato sobre ti.<\/p>\n\n\n\n<p>Nonobstant nous pouvons collecter des informations, y compris des informations personnelles aupr\u00e8s de tiers (voir la section\u00a0<a href=\"https:\/\/www.camping-dunamunguy.com\/es\/politica-de-privacidad\/#gdpr-5\">Cookies<\/a>).<\/p>\n\n\n\n<div style=\"height:0px\" aria-hidden=\"true\" class=\"wp-block-spacer gt-hide-mobile wp-container-content-c0740251\"><\/div>\n\n\n\n<h2 class=\"wp-block-heading has-custom-couleur-1-color has-text-color has-link-color wp-elements-9a7bd9f00e368077c2ab9fe34e6539b4\" id=\"gdpr-3\" style=\"border-left-color:var(--wp--preset--color--custom-couleur-2);border-left-width:1px;padding-left:1rem;font-size:clamp(16.834px, 1.052rem + ((1vw - 3.2px) * 0.955), 26px);letter-spacing:5.2px;text-transform:uppercase\">Comentarios<\/h2>\n\n\n\n<p>Cuando dejas un comentario en nuestro sitio web, se recogen los datos introducidos en el formulario de comentarios, tu direcci\u00f3n IP y el agente de usuario de tu navegador para ayudarnos a detectar comentarios no deseados.<\/p>\n\n\n\n<p>Se puede enviar una cadena anonimizada creada a partir de tu direcci\u00f3n de correo electr\u00f3nico (tambi\u00e9n conocida como hash) al servicio Gravatar para comprobar si lo est\u00e1s utilizando. Las cl\u00e1usulas de confidencialidad del servicio Gravatar est\u00e1n disponibles en https:\/\/automattic.com\/privacy\/. Una vez validado tu comentario, tu foto de perfil ser\u00e1 visible p\u00fablicamente junto a tu comentario. <\/p>\n\n\n\n<div style=\"height:0px\" aria-hidden=\"true\" class=\"wp-block-spacer gt-hide-mobile wp-container-content-c0740251\"><\/div>\n\n\n\n<h2 class=\"wp-block-heading has-custom-couleur-1-color has-text-color has-link-color wp-elements-d87c09fd58563a62f6739c686dc60baf\" id=\"gdpr-4\" style=\"border-left-color:var(--wp--preset--color--custom-couleur-2);border-left-width:1px;padding-left:1rem;font-size:clamp(16.834px, 1.052rem + ((1vw - 3.2px) * 0.955), 26px);letter-spacing:5.2px;text-transform:uppercase\">Medios de comunicaci\u00f3n<\/h2>\n\n\n\n<p>Si eres un usuario registrado y subes im\u00e1genes al sitio web, te aconsejamos que evites subir im\u00e1genes que contengan datos EXIF de coordenadas GPS. Los visitantes de tu sitio web pueden descargar y extraer datos de localizaci\u00f3n de estas im\u00e1genes. <\/p>\n\n\n\n<div style=\"height:0px\" aria-hidden=\"true\" class=\"wp-block-spacer gt-hide-mobile wp-container-content-c0740251\"><\/div>\n\n\n\n<h2 class=\"wp-block-heading has-custom-couleur-1-color has-text-color has-link-color wp-elements-2a18c2dc9d499b55a8fac75517a13008\" id=\"gdpr-5\" style=\"border-left-color:var(--wp--preset--color--custom-couleur-2);border-left-width:1px;padding-left:1rem;font-size:clamp(16.834px, 1.052rem + ((1vw - 3.2px) * 0.955), 26px);letter-spacing:5.2px;text-transform:uppercase\">Formularios de contacto<\/h2>\n\n\n\n<p>Puedes optar por facilitarnos informaci\u00f3n al rellenar un formulario. Esta informaci\u00f3n se nos enviar\u00e1 por correo electr\u00f3nico y no se almacenar\u00e1 m\u00e1s que en nuestro servicio de correo electr\u00f3nico; se utilizar\u00e1 con el \u00fanico fin de responder a tu solicitud. Si es probable que la informaci\u00f3n se utilice con fines comerciales, se indicar\u00e1 al final del formulario. Siempre te pediremos tu consentimiento cuando recojamos informaci\u00f3n a trav\u00e9s de un formulario.  <\/p>\n\n\n\n<div style=\"height:0px\" aria-hidden=\"true\" class=\"wp-block-spacer gt-hide-mobile wp-container-content-c0740251\"><\/div>\n\n\n\n<h2 class=\"wp-block-heading has-custom-couleur-1-color has-text-color has-link-color wp-elements-db24ccdd5d6b79460fe9180670f3a0eb\" id=\"gdpr-6\" style=\"border-left-color:var(--wp--preset--color--custom-couleur-2);border-left-width:1px;padding-left:1rem;font-size:clamp(16.834px, 1.052rem + ((1vw - 3.2px) * 0.955), 26px);letter-spacing:5.2px;text-transform:uppercase\">Uso de cookies<\/h2>\n\n\n\n<p><strong>\u00bfQu\u00e9 es una galleta?<\/strong><br\/>Una cookie es un peque\u00f1o archivo de datos que se transfiere a tu dispositivo y se almacena en \u00e9l.<br\/>En t\u00e9rminos pr\u00e1cticos, una cookie nos permite, por ejemplo, reconocer tu navegador, tu idioma o almacenar tus preferencias. En nuestro sitio se utilizan dos tipos de cookies: \u00abcookies de sesi\u00f3n\u00bb y \u00abcookies persistentes\u00bb. Las cookies de sesi\u00f3n caducan cuando cierras el navegador, mientras que las cookies persistentes permanecen en tu dispositivo una vez cerrado el navegador y pueden volver a utilizarse la pr\u00f3xima vez que visites nuestro sitio.  <\/p>\n\n\n\n<p>M\u00e1s informaci\u00f3n en <a href=\"https:\/\/allaboutcookies.org\/fr\" target=\"_blank\" rel=\"noreferrer noopener\">allaboutcookies.org<\/a>.<\/p>\n\n\n\n<div style=\"height:0px\" aria-hidden=\"true\" class=\"wp-block-spacer gt-hide-mobile wp-container-content-c0740251\"><\/div>\n\n\n\n<p><strong>Nuestras cookies<\/strong><\/p>\n\n\n\n<p>Si dejas un comentario en nuestro sitio, se te pedir\u00e1 que guardes tu nombre, direcci\u00f3n de correo electr\u00f3nico y sitio web en cookies. Esto es s\u00f3lo para tu comodidad, para que no tengas que introducir esta informaci\u00f3n si dejas otro comentario m\u00e1s adelante. Estas cookies caducan al cabo de un a\u00f1o.  <\/p>\n\n\n\n<p>Si tienes una cuenta y te conectas a este sitio, se crear\u00e1 una cookie temporal para determinar si tu navegador acepta cookies. No contiene ning\u00fan dato personal y se borrar\u00e1 autom\u00e1ticamente cuando cierres tu navegador. <\/p>\n\n\n\n<p>Cuando te conectes, estableceremos una serie de cookies para registrar tu informaci\u00f3n de conexi\u00f3n y tus preferencias de pantalla. La duraci\u00f3n de una cookie de conexi\u00f3n es de dos d\u00edas, la de una cookie de opci\u00f3n de pantalla es de un a\u00f1o. Si marcas \u00abRecordarme\u00bb, tu cookie de conexi\u00f3n se conservar\u00e1 durante quince d\u00edas. Si cierras la sesi\u00f3n de tu cuenta, se borrar\u00e1 la cookie de conexi\u00f3n.   <\/p>\n\n\n\n<p>Cuando modifiques o publiques un art\u00edculo, se almacenar\u00e1 una cookie adicional en tu navegador. Esta cookie no contiene ning\u00fan dato personal. Simplemente indica el identificador del art\u00edculo que acabas de modificar. Caduca al cabo de un d\u00eda.   <\/p>\n\n\n\n<div style=\"height:0px\" aria-hidden=\"true\" class=\"wp-block-spacer gt-hide-mobile wp-container-content-c0740251\"><\/div>\n\n\n\n<p><strong>Cookies de terceros<\/strong><\/p>\n\n\n\n<p>Los art\u00edculos de este sitio pueden incluir contenido incrustado (por ejemplo, v\u00eddeos, im\u00e1genes, art\u00edculos, etc.). El contenido incrustado de otros sitios se comporta de la misma manera que si el visitante estuviera visitando ese otro sitio. <\/p>\n\n\n\n<p>Estos sitios web pueden recopilar datos sobre ti, utilizar cookies, incrustar herramientas de seguimiento de terceros y rastrear tus interacciones con este contenido incrustado si tienes una cuenta conectada a su sitio web.<\/p>\n\n\n\n<p>Podemos autorizar a determinados socios comerciales a instalar tecnolog\u00edas en nuestro sitio. Estos socios utilizan estas tecnolog\u00edas para ayudarnos a analizar c\u00f3mo utilizas el sitio, por ejemplo, tomando nota de los servicios de terceros a trav\u00e9s de los cuales llegaste a la Plataforma, para comercializar y promocionar nuestros servicios en nuestro sitio y en sitios web de terceros, para ayudarnos a detectar y prevenir el fraude o realizar evaluaciones de riesgo, o para recopilar informaci\u00f3n sobre tus actividades en el sitio web. <\/p>\n\n\n\n<p>Nuestro sitio web puede utilizar plugins sociales proporcionados y gestionados por terceras empresas, como el bot\u00f3n \u00abMe gusta\u00bb de Facebook. Como resultado, puedes enviar al tercero la informaci\u00f3n que ves en una secci\u00f3n concreta de nuestro sitio. Si no has iniciado sesi\u00f3n en tu cuenta con el tercero, \u00e9ste no sabr\u00e1 qui\u00e9n eres. Si has iniciado sesi\u00f3n en tu cuenta con el tercero, \u00e9ste podr\u00e1 vincular la informaci\u00f3n o las acciones relacionadas con tus interacciones con nuestro sitio a tu cuenta con el tercero. Consulta la pol\u00edtica de privacidad del tercero para obtener m\u00e1s informaci\u00f3n sobre sus pr\u00e1cticas en materia de datos.    <\/p>\n\n\n\n<p>La liste des cookies tiers utilis\u00e9s sur ce site est disponible depuis le\u00a0<a href=\"https:\/\/www.camping-dunamunguy.com\/es\/politica-de-privacidad\/#moove_gdpr_cookie_modal\">panneau de gestion des cookies<\/a>.<\/p>\n\n\n\n<div style=\"height:0px\" aria-hidden=\"true\" class=\"wp-block-spacer gt-hide-mobile wp-container-content-c0740251\"><\/div>\n\n\n\n<h2 class=\"wp-block-heading has-custom-couleur-1-color has-text-color has-link-color wp-elements-482a25417f0460c753db0b597bcb2d4a\" id=\"gdpr-7\" style=\"border-left-color:var(--wp--preset--color--custom-couleur-2);border-left-width:1px;padding-left:1rem;font-size:clamp(16.834px, 1.052rem + ((1vw - 3.2px) * 0.955), 26px);letter-spacing:5.2px;text-transform:uppercase\">Estad\u00edsticas y medici\u00f3n de audiencias<\/h2>\n\n\n\n<p>En mati\u00e8re d\u2019analyse nous travaillons avec Google Analytics afin d\u2019obtenir des informations concernant l\u2019utilisation de notre site internet afin d\u2019am\u00e9liorer ce dernier. Ce dernier peut-\u00eatre d\u00e9sactiv\u00e9 depuis le\u00a0<a href=\"https:\/\/www.camping-dunamunguy.com\/es\/politica-de-privacidad\/#moove_gdpr_cookie_modal\">panneau de gestion des cookies<\/a>.<\/p>\n\n\n\n<p>Para evitar que Google Analytics utilice tu informaci\u00f3n con fines de an\u00e1lisis, tambi\u00e9n puedes instalar el complemento de desactivaci\u00f3n de Google Analytics para navegadores haciendo clic <a href=\"https:\/\/tools.google.com\/dlpage\/gaoptout\" target=\"_blank\" rel=\"noreferrer noopener\">aqu\u00ed<\/a>. Ten en cuenta que no tenemos ning\u00fan control sobre este enlace de desactivaci\u00f3n y no somos responsables de la disponibilidad o exactitud de este mecanismo. Consulta <a href=\"https:\/\/support.google.com\/analytics\/answer\/6004245\" target=\"_blank\" rel=\"noreferrer noopener\">esta documentaci\u00f3n<\/a> para obtener m\u00e1s informaci\u00f3n.  <\/p>\n\n\n\n<div style=\"height:0px\" aria-hidden=\"true\" class=\"wp-block-spacer gt-hide-mobile wp-container-content-c0740251\"><\/div>\n\n\n\n<h2 class=\"wp-block-heading has-custom-couleur-1-color has-text-color has-link-color wp-elements-11e57ed95f68ae8ca6427ad79f5fada5\" id=\"gdpr-8\" style=\"border-left-color:var(--wp--preset--color--custom-couleur-2);border-left-width:1px;padding-left:1rem;font-size:clamp(16.834px, 1.052rem + ((1vw - 3.2px) * 0.955), 26px);letter-spacing:5.2px;text-transform:uppercase\">Periodos de almacenamiento de tus datos<\/h2>\n\n\n\n<p>Si dejas un comentario, el comentario y sus metadatos se conservan indefinidamente. Esto permite que los comentarios posteriores sean reconocidos y aprobados autom\u00e1ticamente, en lugar de quedar en la cola de moderaci\u00f3n. <\/p>\n\n\n\n<p>Para los usuarios que se registran en nuestro sitio (cuando es posible), tambi\u00e9n almacenamos los datos personales indicados en su perfil. Todos los usuarios pueden ver, modificar o eliminar su informaci\u00f3n personal en cualquier momento (a excepci\u00f3n de su nombre de usuario). Los administradores del sitio tambi\u00e9n pueden ver y modificar esta informaci\u00f3n.  <\/p>\n\n\n\n<div style=\"height:0px\" aria-hidden=\"true\" class=\"wp-block-spacer gt-hide-mobile wp-container-content-c0740251\"><\/div>\n\n\n\n<h2 class=\"wp-block-heading has-custom-couleur-1-color has-text-color has-link-color wp-elements-967231e628d312503d1fbb759b59d87a\" id=\"gdpr-9\" style=\"border-left-color:var(--wp--preset--color--custom-couleur-2);border-left-width:1px;padding-left:1rem;font-size:clamp(16.834px, 1.052rem + ((1vw - 3.2px) * 0.955), 26px);letter-spacing:5.2px;text-transform:uppercase\">Los derechos que tienes sobre tus datos<\/h2>\n\n\n\n<p>Si tienes una cuenta o si has dejado comentarios en el sitio, puedes solicitar que te enviemos un archivo con todos los datos personales que tenemos sobre ti, incluidos los que nos has facilitado. Tambi\u00e9n puedes solicitar la supresi\u00f3n de tus datos personales. Esto no incluye los datos almacenados con fines administrativos, legales o de seguridad.  <\/p>\n\n\n\n<div style=\"height:0px\" aria-hidden=\"true\" class=\"wp-block-spacer gt-hide-mobile wp-container-content-c0740251\"><\/div>\n\n\n\n<h2 class=\"wp-block-heading has-custom-couleur-1-color has-text-color has-link-color wp-elements-22feb7ed6982a28024b473e692e21fdb\" id=\"gdpr-10\" style=\"border-left-color:var(--wp--preset--color--custom-couleur-2);border-left-width:1px;padding-left:1rem;font-size:clamp(16.834px, 1.052rem + ((1vw - 3.2px) * 0.955), 26px);letter-spacing:5.2px;text-transform:uppercase\">Transmisi\u00f3n de tus datos personales<\/h2>\n\n\n\n<p><br\/>Los comentarios de los visitantes pueden comprobarse mediante un servicio automatizado para detectar comentarios no deseados Todos los datos personales que tratamos se procesan dentro de la Uni\u00f3n Europea.<\/p>\n\n\n\n<div style=\"height:0px\" aria-hidden=\"true\" class=\"wp-block-spacer gt-hide-mobile wp-container-content-c0740251\"><\/div>\n\n\n\n<h2 class=\"wp-block-heading has-custom-couleur-1-color has-text-color has-link-color wp-elements-399006d4ec946a9bf6f2166aba42e38a\" id=\"gdpr-11\" style=\"border-left-color:var(--wp--preset--color--custom-couleur-2);border-left-width:1px;padding-left:1rem;font-size:clamp(16.834px, 1.052rem + ((1vw - 3.2px) * 0.955), 26px);letter-spacing:5.2px;text-transform:uppercase\">C\u00f3mo protegemos tus datos<\/h2>\n\n\n\n<p>Implementamos y actualizamos constantemente <strong>la seguridad<\/strong> del sitio para proteger tu informaci\u00f3n contra el acceso no autorizado, la p\u00e9rdida, la destrucci\u00f3n o la alteraci\u00f3n. Por tanto, trabajamos para que tus datos sean lo m\u00e1s invulnerables posible. Como Internet no es un entorno 100% seguro, no podemos garantizar plenamente la seguridad de la transmisi\u00f3n o almacenamiento de tu informaci\u00f3n.  <\/p>\n\n\n\n<div style=\"height:0px\" aria-hidden=\"true\" class=\"wp-block-spacer gt-hide-mobile wp-container-content-c0740251\"><\/div>\n\n\n\n<h2 class=\"wp-block-heading has-custom-couleur-1-color has-text-color has-link-color wp-elements-8fd805728a033718eb691485702de844\" id=\"gdpr-12\" style=\"border-left-color:var(--wp--preset--color--custom-couleur-2);border-left-width:1px;padding-left:1rem;font-size:clamp(16.834px, 1.052rem + ((1vw - 3.2px) * 0.955), 26px);letter-spacing:5.2px;text-transform:uppercase\">Informaci\u00f3n de contacto<\/h2>\n\n\n\n<p>Pour toute demande ou question concernant vos donn\u00e9es personnelles, contactez nous sur rgpd@geek-tonic.com, les autres informations de contact sont disponibles sur nos\u00a0<a href=\"https:\/\/www.camping-dunamunguy.com\/es\/informacion-legal\/\">mentions l\u00e9gales<\/a>. Veuillez noter que nous pouvons vous demander de v\u00e9rifier votre identit\u00e9 avant de prendre d\u2019autres mesures concernant votre demande.<\/p>\n<\/div>\n<\/section>\n","protected":false},"excerpt":{"rendered":"<p>Pol\u00edtica de privacidad Esta Pol\u00edtica de privacidad describe los tipos de datos personales que se recogen cuando utilizas nuestro sitio y c\u00f3mo se utilizan, comparten y protegen tus datos personales. Tambi\u00e9n explica las opciones que tienes con respecto a tus datos personales y c\u00f3mo ponerte en contacto con nosotros. \u00cdndice \u00bfQui\u00e9nes somos? D\u00e9couvrez toutes nos [&hellip;]<\/p>\n","protected":false},"author":1,"featured_media":2214,"parent":0,"menu_order":0,"comment_status":"closed","ping_status":"closed","template":"","meta":{"_acf_changed":false,"_seopress_robots_primary_cat":"","_seopress_titles_title":"","_seopress_titles_desc":"","_seopress_robots_index":"yes","_gt_ctv_global_id":"","_gt_ctv_id_group":false,"inline_featured_image":false,"gt_fse_maillage_image":"https:\/\/duna.geek-tonic.dev\/wp-content\/uploads\/2025\/01\/campign-st-jean-de-luz-3.webp","gt_fse_maillage_titre":"Pol\u00edtica de privacidad","gt_fse_maillage_alt":"Pol\u00edtica de privacidad","gt_fse_maillage_resume":"","footnotes":""},"categories":[],"tags":[],"class_list":["post-3132","page","type-page","status-publish","has-post-thumbnail","hentry"],"acf":[],"_links":{"self":[{"href":"https:\/\/www.camping-dunamunguy.com\/es\/wp-json\/wp\/v2\/pages\/3132","targetHints":{"allow":["GET"]}}],"collection":[{"href":"https:\/\/www.camping-dunamunguy.com\/es\/wp-json\/wp\/v2\/pages"}],"about":[{"href":"https:\/\/www.camping-dunamunguy.com\/es\/wp-json\/wp\/v2\/types\/page"}],"author":[{"embeddable":true,"href":"https:\/\/www.camping-dunamunguy.com\/es\/wp-json\/wp\/v2\/users\/1"}],"replies":[{"embeddable":true,"href":"https:\/\/www.camping-dunamunguy.com\/es\/wp-json\/wp\/v2\/comments?post=3132"}],"version-history":[{"count":6,"href":"https:\/\/www.camping-dunamunguy.com\/es\/wp-json\/wp\/v2\/pages\/3132\/revisions"}],"predecessor-version":[{"id":4102,"href":"https:\/\/www.camping-dunamunguy.com\/es\/wp-json\/wp\/v2\/pages\/3132\/revisions\/4102"}],"wp:featuredmedia":[{"embeddable":true,"href":"https:\/\/www.camping-dunamunguy.com\/es\/wp-json\/wp\/v2\/media\/2214"}],"wp:attachment":[{"href":"https:\/\/www.camping-dunamunguy.com\/es\/wp-json\/wp\/v2\/media?parent=3132"}],"wp:term":[{"taxonomy":"category","embeddable":true,"href":"https:\/\/www.camping-dunamunguy.com\/es\/wp-json\/wp\/v2\/categories?post=3132"},{"taxonomy":"post_tag","embeddable":true,"href":"https:\/\/www.camping-dunamunguy.com\/es\/wp-json\/wp\/v2\/tags?post=3132"}],"curies":[{"name":"wp","href":"https:\/\/api.w.org\/{rel}","templated":true}]}}