{"id":3106,"date":"2025-01-03T11:59:00","date_gmt":"2025-01-03T10:59:00","guid":{"rendered":"https:\/\/www.camping-dunamunguy.com\/mentions-legales\/"},"modified":"2025-01-30T10:32:42","modified_gmt":"2025-01-30T09:32:42","slug":"informacion-legal","status":"publish","type":"page","link":"https:\/\/www.camping-dunamunguy.com\/es\/informacion-legal\/","title":{"rendered":"Informaci\u00f3n legal"},"content":{"rendered":"\n<section class=\"wp-block-group alignfull home-intro page-one has-custom-couleur-3-background-color has-background has-global-padding is-layout-constrained wp-container-core-group-is-layout-5bdc45ed wp-block-group-is-layout-constrained\" style=\"margin-top:0rem;margin-bottom:0rem;padding-top:12rem;padding-right:0rem;padding-bottom:12rem;padding-left:0rem\">\n<div class=\"wp-block-group alignwide wp-container-content-9cfa9a5a is-vertical is-layout-flex wp-container-core-group-is-layout-4b827052 wp-block-group-is-layout-flex\"><h1 class=\"wp-block-heading has-custom-couleur-5-color has-text-color has-link-color has-source-sans-3-font-family wp-elements-958ba21de87cabe315ba944dd646235a\" style=\"border-left-color:var(--wp--preset--color--custom-couleur-2);border-left-width:1px;padding-left:var(--wp--preset--spacing--10);font-size:clamp(24.034px, 1.502rem + ((1vw - 3.2px) * 1.663), 40px);letter-spacing:4.6px\" id=\"informacion-legal\">Informaci\u00f3n legal<\/h1>\n\n\n<div style=\"height:0px\" aria-hidden=\"true\" class=\"wp-block-spacer gt-hide-mobile wp-container-content-1cacd481\"><\/div>\n\n\n<h2 class=\"wp-block-heading has-custom-couleur-1-color has-text-color has-link-color wp-elements-0f59da81700ac80f4651cb7ffbb36840\" style=\"border-left-color:var(--wp--preset--color--custom-couleur-2);border-left-width:1px;padding-left:1rem;font-size:clamp(16.834px, 1.052rem + ((1vw - 3.2px) * 0.955), 26px);letter-spacing:5.2px;text-transform:uppercase\" id=\"jefe-de-obra\">Jefe de obra<\/h2>\n\n\n<p><strong>Camping Duna Munguy (R2M)<br\/><\/strong>Direcci\u00f3n : 881 Chemin de Duhartia, 64500 Saint-Jean-de-Luz<br\/>Tel : 05 59 47 70 70<br\/>Correo electr\u00f3nico : contact@camping-dunamunguy.com<br\/>SIREN : 902179761<br\/>TVA intracommunautaire : FR93902179761<br\/>Capital social : 50 000,00 \u20ac<br\/>Director de publicaci\u00f3n : Julien GERARD et C\u00e9cile Dusi<br\/><\/p>\n\n\n\n<div style=\"height:0px\" aria-hidden=\"true\" class=\"wp-block-spacer gt-hide-mobile wp-container-content-c0740251\"><\/div>\n\n\n<h2 class=\"wp-block-heading has-custom-couleur-1-color has-text-color has-link-color wp-elements-e6f0b703d41c0eb25d49bb1e5fae128f\" style=\"border-left-color:var(--wp--preset--color--custom-couleur-2);border-left-width:1px;padding-left:1rem;font-size:clamp(16.834px, 1.052rem + ((1vw - 3.2px) * 0.955), 26px);letter-spacing:5.2px;text-transform:uppercase\" id=\"produccion\">Producci\u00f3n<\/h2>\n\n\n<p><strong>GEEK TONIC<\/strong><br\/>Representada por el Sr. Yohan Darmayan en calidad de Director General<br\/>Domicilio social : 50 AV. DU LAC MARION 64200 BIARRITZ<br\/>Tel : 05 32 74 11 52<br\/>Correo electr\u00f3nico : support@geek-tonic.com<br\/>P\u00e1gina web : <a href=\"\" target=\"\" rel=\"\">www.geek-tonic.com<\/a><br\/>SIRET : 89746755100015<br\/>APE : 6201Z <\/p>\n\n\n\n<div style=\"height:0px\" aria-hidden=\"true\" class=\"wp-block-spacer gt-hide-mobile wp-container-content-c0740251\"><\/div>\n\n\n<h2 class=\"wp-block-heading has-custom-couleur-1-color has-text-color has-link-color wp-elements-0d65b765d28b5eae20fb52c5934b9434\" style=\"border-left-color:var(--wp--preset--color--custom-couleur-2);border-left-width:1px;padding-left:1rem;font-size:clamp(16.834px, 1.052rem + ((1vw - 3.2px) * 0.955), 26px);letter-spacing:5.2px;text-transform:uppercase\" id=\"derechos-de-autor\">Derechos de autor<\/h2>\n\n\n<p>Todo el contenido de este sitio est\u00e1 sujeto a derechos de autor y de propiedad intelectual seg\u00fan la legislaci\u00f3n francesa. Queda prohibida cualquier reproducci\u00f3n (incluidas fotos, iconos y documentos descargables) sin el consentimiento previo de Duna Munguy. Queda prohibida la reproducci\u00f3n en un soporte electr\u00f3nico de la totalidad o parte del sitio en formato papel o electr\u00f3nico. Duna Munguy no se hace responsable del contenido del sitio web. Asimismo, Duna Munguy declina toda responsabilidad por los enlaces externos que apunten a este sitio.<\/p>\n\n\n\n<div style=\"height:0px\" aria-hidden=\"true\" class=\"wp-block-spacer gt-hide-mobile wp-container-content-c0740251\"><\/div>\n\n\n\n<h2 class=\"wp-block-heading has-custom-couleur-1-color has-text-color has-link-color wp-elements-60fe1ec1fe89f6c2105346e09caf4a43\" id=\"m-t-6\" style=\"border-left-color:var(--wp--preset--color--custom-couleur-2);border-left-width:1px;padding-left:1rem;font-size:clamp(16.834px, 1.052rem + ((1vw - 3.2px) * 0.955), 26px);letter-spacing:5.2px;text-transform:uppercase\">Datos personales e informaci\u00f3n nominativa<\/h2>\n\n\n\n<p>Tienes derecho a acceder, modificar, rectificar y suprimir los datos que te conciernen, de conformidad con el art\u00edculo 34 de la Ley francesa de Protecci\u00f3n de Datos (Loi \u00abInformatique et Libert\u00e9s\u00bb) n\u00ba 78-17 de 6 de enero de 1978, modificada el 6 de agosto de 2018. Para ejercer tu derecho de acceso, s\u00f3lo tienes que enviar una solicitud por escrito al editor del sitio.<\/p>\n\n\n\n<div style=\"height:0px\" aria-hidden=\"true\" class=\"wp-block-spacer gt-hide-mobile wp-container-content-c0740251\"><\/div>\n\n\n<h2 class=\"wp-block-heading has-custom-couleur-1-color has-text-color has-link-color wp-elements-70ba2e429897e520c14cf803c4de274d\" style=\"border-left-color:var(--wp--preset--color--custom-couleur-2);border-left-width:1px;padding-left:1rem;font-size:clamp(16.834px, 1.052rem + ((1vw - 3.2px) * 0.955), 26px);letter-spacing:5.2px;text-transform:uppercase\" id=\"legislacion\">Legislaci\u00f3n<\/h2>\n\n\n<p>De conformidad con la ley de 11 de marzo de 1957 (art. 41) y el c\u00f3digo de la propiedad intelectual de 1 de julio de 1992, est\u00e1 prohibida la reproducci\u00f3n total o parcial del sitio sin autorizaci\u00f3n previa del editor del sitio. Los logotipos, elementos visuales, fotos, v\u00eddeos, cuadros gr\u00e1ficos y textos son propiedad de sus respectivos due\u00f1os. Este sitio puede, sin su conocimiento, haber sido vinculado a otros sitios mediante enlaces hipermedia. El editor del sitio no acepta ninguna responsabilidad por la informaci\u00f3n presentada en estos otros sitios. Los internautas reconocen que la utilizaci\u00f3n de este sitio se rige por la legislaci\u00f3n francesa.<\/p>\n<\/div>\n<\/section>\n","protected":false},"excerpt":{"rendered":"<p>Informaci\u00f3n legal Jefe de obra Camping Duna Munguy (R2M)Direcci\u00f3n : 881 Chemin de Duhartia, 64500 Saint-Jean-de-LuzTel : 05 59 47 70 70Correo electr\u00f3nico : contact@camping-dunamunguy.comSIREN : 902179761TVA intracommunautaire : FR93902179761Capital social : 50 000,00 \u20acDirector de publicaci\u00f3n : Julien GERARD et C\u00e9cile Dusi Producci\u00f3n GEEK TONICRepresentada por el Sr. Yohan Darmayan en calidad de Director [&hellip;]<\/p>\n","protected":false},"author":1,"featured_media":2214,"parent":0,"menu_order":0,"comment_status":"closed","ping_status":"closed","template":"","meta":{"_acf_changed":false,"_seopress_robots_primary_cat":"","_seopress_titles_title":"","_seopress_titles_desc":"","_seopress_robots_index":"yes","_gt_ctv_global_id":"","_gt_ctv_id_group":false,"inline_featured_image":false,"gt_fse_maillage_image":"https:\/\/duna.geek-tonic.dev\/wp-content\/uploads\/2025\/01\/campign-st-jean-de-luz-3.webp","gt_fse_maillage_titre":"Informaci\u00f3n legal","gt_fse_maillage_alt":"Informaci\u00f3n legal","gt_fse_maillage_resume":"","footnotes":""},"categories":[],"tags":[],"class_list":["post-3106","page","type-page","status-publish","has-post-thumbnail","hentry"],"acf":[],"_links":{"self":[{"href":"https:\/\/www.camping-dunamunguy.com\/es\/wp-json\/wp\/v2\/pages\/3106","targetHints":{"allow":["GET"]}}],"collection":[{"href":"https:\/\/www.camping-dunamunguy.com\/es\/wp-json\/wp\/v2\/pages"}],"about":[{"href":"https:\/\/www.camping-dunamunguy.com\/es\/wp-json\/wp\/v2\/types\/page"}],"author":[{"embeddable":true,"href":"https:\/\/www.camping-dunamunguy.com\/es\/wp-json\/wp\/v2\/users\/1"}],"replies":[{"embeddable":true,"href":"https:\/\/www.camping-dunamunguy.com\/es\/wp-json\/wp\/v2\/comments?post=3106"}],"version-history":[{"count":9,"href":"https:\/\/www.camping-dunamunguy.com\/es\/wp-json\/wp\/v2\/pages\/3106\/revisions"}],"predecessor-version":[{"id":4090,"href":"https:\/\/www.camping-dunamunguy.com\/es\/wp-json\/wp\/v2\/pages\/3106\/revisions\/4090"}],"wp:featuredmedia":[{"embeddable":true,"href":"https:\/\/www.camping-dunamunguy.com\/es\/wp-json\/wp\/v2\/media\/2214"}],"wp:attachment":[{"href":"https:\/\/www.camping-dunamunguy.com\/es\/wp-json\/wp\/v2\/media?parent=3106"}],"wp:term":[{"taxonomy":"category","embeddable":true,"href":"https:\/\/www.camping-dunamunguy.com\/es\/wp-json\/wp\/v2\/categories?post=3106"},{"taxonomy":"post_tag","embeddable":true,"href":"https:\/\/www.camping-dunamunguy.com\/es\/wp-json\/wp\/v2\/tags?post=3106"}],"curies":[{"name":"wp","href":"https:\/\/api.w.org\/{rel}","templated":true}]}}